{"id":18,"date":"2025-01-20T19:54:36","date_gmt":"2025-01-20T19:54:36","guid":{"rendered":"https:\/\/kaesealm-kreuth.de\/?page_id=18"},"modified":"2025-10-09T06:40:36","modified_gmt":"2025-10-09T06:40:36","slug":"impressum","status":"publish","type":"page","link":"https:\/\/kaesealm-kreuth.de\/index.php\/impressum\/","title":{"rendered":"Impressum"},"content":{"rendered":"\t\t<div data-elementor-type=\"wp-page\" data-elementor-id=\"18\" class=\"elementor elementor-18\" data-elementor-post-type=\"page\">\n\t\t\t\t<div class=\"elementor-element elementor-element-bb17ad7 e-flex e-con-boxed e-con e-parent\" data-id=\"bb17ad7\" data-element_type=\"container\">\n\t\t\t\t\t<div class=\"e-con-inner\">\n\t\t\t\t<div class=\"elementor-element elementor-element-87ecddf elementor-widget elementor-widget-text-editor\" data-id=\"87ecddf\" data-element_type=\"widget\" data-widget_type=\"text-editor.default\">\n\t\t\t\t<div class=\"elementor-widget-container\">\n\t\t\t\t\t\t\t\t\t<h4><strong>IMPRESSUM<\/strong><\/h4><p><strong>K\u00e4se-Alm Kreuth<br \/><em>Petra<\/em> Saller<br \/><\/strong>N\u00f6rdliche Hauptstra\u00dfe 6<br \/>83708 Kreuth<\/p><p>Telefon: 08029-13 53<\/p><p>E-Mail: <span id=\"cloakea1c2e7baabad8b7f29cdd954111d1c7\"><a href=\"mailto:kontakt@kaesealm-kreuth.de\">kontakt@kaesealm-kreuth.de<\/a><\/span><a href=\"http:\/\/www.kaesealm-kreuth.de\"><br \/><\/a>Web: <a href=\"http:\/\/www.kaesealm-kreuth.de\">www.kaesealm-kreuth.de<\/a><\/p><p>Inhaltlich verantwortlich gem. \u00a75 Telemediengesetz: Petra Saller, Adresse w.o.<\/p><p>Wir erkl\u00e4ren, dass wir zur Teilnahme an einem Streitbeilegungsverfahren vor einer Verbraucherschlichtungsstelle weder verpflichtet noch bereit sind.<\/p><p><strong>Haftung f\u00fcr Links<\/strong> | Trotz sorgf\u00e4ltiger inhaltlicher Kontrolle \u00fcbernehmen wir keine Haftung f\u00fcr die Inhalte verlinkter Seiten. F\u00fcr die Inhalte verlinkter Seiten sind ausschlie\u00dflich die Betreiber dieser Seiten verantwortlich.<\/p><p><strong>Haftung f\u00fcr Inhalte<\/strong> | Die Inhalte unserer Seiten wurden mit gro\u00dfer Sorgfalt erstellt. F\u00fcr die Richtigkeit, Vollst\u00e4ndigkeit und Aktualit\u00e4t der Inhalte k\u00f6nnen wir trotzdem keine Gew\u00e4hr \u00fcbernehmen.<\/p><p><strong>Datenschutz<\/strong> | Ihre personenbezogenen Daten dienen uns ausschlie\u00dflich zur Kontaktaufnahme mit Ihnen. Alle personenbezogenen Daten werden von uns vertraulich behandelt. Sie haben jederzeit das Recht auf Herausgabe, L\u00f6schung oder Berichtung Ihrer personenbezogenen Daten. Bitte beachten Sie auch die separate Datenschutzerkl\u00e4rung auf dieser Webseite.<\/p><p><strong>Bildquellen<\/strong> | Es wurde ein lizenzfreies Bild von <a href=\"https:\/\/www.istockphoto.com\/de\" target=\"_blank\" rel=\"noopener\">istockphoto.com <\/a>verwendet. Der Kaufnachweis liegt vor. Stock-Fotografie-ID: 1251271328, Bildnachweis carlosgaw | Au\u00dferdem wurden Bilder von der Webseite der Firma Sch\u00f6negger K\u00e4se-Alm (Link:<a title=\"Sch\u00f6negger K\u00e4se Alm\" href=\"http:\/\/www.schoenegger.com\" target=\"_blank\" rel=\"noopener\"> www.schoenegger.com<\/a>) verwendet. Die Erlaubnis dazu wurde uns erteilt. Alle anderen Bilder sind Eigentum von Petra Saller.<\/p><address>\u00a0<\/address>\t\t\t\t\t\t\t\t<\/div>\n\t\t\t\t<\/div>\n\t\t\t\t\t<\/div>\n\t\t\t\t<\/div>\n\t\t\t\t<\/div>\n\t\t","protected":false},"excerpt":{"rendered":"<p>IMPRESSUM K\u00e4se-Alm KreuthPetra SallerN\u00f6rdliche Hauptstra\u00dfe 683708 Kreuth Telefon: 08029-13 53 E-Mail: kontakt@kaesealm-kreuth.deWeb: www.kaesealm-kreuth.de Inhaltlich verantwortlich gem. \u00a75 Telemediengesetz: Petra Saller, Adresse w.o. Wir erkl\u00e4ren, dass wir zur Teilnahme an einem Streitbeilegungsverfahren vor einer Verbraucherschlichtungsstelle weder verpflichtet noch bereit sind. Haftung f\u00fcr Links | Trotz sorgf\u00e4ltiger inhaltlicher Kontrolle \u00fcbernehmen wir keine Haftung f\u00fcr die Inhalte verlinkter [&hellip;]<\/p>\n","protected":false},"author":2,"featured_media":0,"parent":0,"menu_order":0,"comment_status":"closed","ping_status":"closed","template":"elementor_header_footer","meta":{"footnotes":""},"class_list":["post-18","page","type-page","status-publish","hentry"],"_links":{"self":[{"href":"https:\/\/kaesealm-kreuth.de\/index.php\/wp-json\/wp\/v2\/pages\/18","targetHints":{"allow":["GET"]}}],"collection":[{"href":"https:\/\/kaesealm-kreuth.de\/index.php\/wp-json\/wp\/v2\/pages"}],"about":[{"href":"https:\/\/kaesealm-kreuth.de\/index.php\/wp-json\/wp\/v2\/types\/page"}],"author":[{"embeddable":true,"href":"https:\/\/kaesealm-kreuth.de\/index.php\/wp-json\/wp\/v2\/users\/2"}],"replies":[{"embeddable":true,"href":"https:\/\/kaesealm-kreuth.de\/index.php\/wp-json\/wp\/v2\/comments?post=18"}],"version-history":[{"count":52,"href":"https:\/\/kaesealm-kreuth.de\/index.php\/wp-json\/wp\/v2\/pages\/18\/revisions"}],"predecessor-version":[{"id":644,"href":"https:\/\/kaesealm-kreuth.de\/index.php\/wp-json\/wp\/v2\/pages\/18\/revisions\/644"}],"wp:attachment":[{"href":"https:\/\/kaesealm-kreuth.de\/index.php\/wp-json\/wp\/v2\/media?parent=18"}],"curies":[{"name":"wp","href":"https:\/\/api.w.org\/{rel}","templated":true}]}}