{"id":122,"date":"2025-02-02T13:56:08","date_gmt":"2025-02-02T13:56:08","guid":{"rendered":"https:\/\/kaesealm-kreuth.de\/?page_id=122"},"modified":"2025-04-09T08:11:25","modified_gmt":"2025-04-09T08:11:25","slug":"kontakt","status":"publish","type":"page","link":"https:\/\/kaesealm-kreuth.de\/index.php\/kontakt\/","title":{"rendered":"Kontakt"},"content":{"rendered":"\t\t<div data-elementor-type=\"wp-page\" data-elementor-id=\"122\" class=\"elementor elementor-122\" data-elementor-post-type=\"page\">\n\t\t\t\t<div class=\"elementor-element elementor-element-bf4135a e-flex e-con-boxed e-con e-parent\" data-id=\"bf4135a\" data-element_type=\"container\" data-settings=\"{&quot;background_background&quot;:&quot;classic&quot;}\">\n\t\t\t\t\t<div class=\"e-con-inner\">\n\t\t\t\t\t<\/div>\n\t\t\t\t<\/div>\n\t\t<div class=\"elementor-element elementor-element-55468f5 e-flex e-con-boxed e-con e-parent\" data-id=\"55468f5\" data-element_type=\"container\" data-settings=\"{&quot;background_background&quot;:&quot;classic&quot;}\">\n\t\t\t\t\t<div class=\"e-con-inner\">\n\t\t<div class=\"elementor-element elementor-element-b0c6881 e-con-full e-flex e-con e-child\" data-id=\"b0c6881\" data-element_type=\"container\">\n\t\t\t\t<div class=\"elementor-element elementor-element-fe06a11 elementor-widget elementor-widget-heading\" data-id=\"fe06a11\" data-element_type=\"widget\" data-widget_type=\"heading.default\">\n\t\t\t\t<div class=\"elementor-widget-container\">\n\t\t\t\t\t<h2 class=\"elementor-heading-title elementor-size-default\">Kontakt & Standort<\/h2>\t\t\t\t<\/div>\n\t\t\t\t<\/div>\n\t\t\t\t<div class=\"elementor-element elementor-element-6fd7efc elementor-widget elementor-widget-text-editor\" data-id=\"6fd7efc\" data-element_type=\"widget\" data-widget_type=\"text-editor.default\">\n\t\t\t\t<div class=\"elementor-widget-container\">\n\t\t\t\t\t\t\t\t\t<p>K\u00e4sealm Kreuth<br \/>N\u00f6rdliche Hauptstrasse 6<br \/>83708 Kreuth<\/p><p>Tel.: 08029 &#8211; 13 53<br \/>kontakt@kaesealm-kreuth.de<\/p>\t\t\t\t\t\t\t\t<\/div>\n\t\t\t\t<\/div>\n\t\t\t\t<\/div>\n\t\t<div class=\"elementor-element elementor-element-11387c5 e-con-full e-flex e-con e-child\" data-id=\"11387c5\" data-element_type=\"container\">\n\t\t\t\t<div class=\"elementor-element elementor-element-8592ef7 elementor-widget elementor-widget-image\" data-id=\"8592ef7\" data-element_type=\"widget\" data-widget_type=\"image.default\">\n\t\t\t\t<div class=\"elementor-widget-container\">\n\t\t\t\t\t\t\t\t\t\t\t\t\t\t\t<img fetchpriority=\"high\" decoding=\"async\" width=\"1814\" height=\"1920\" src=\"https:\/\/kaesealm-kreuth.de\/wp-content\/uploads\/2025\/03\/Kaesealm-Logo_webp.webp\" class=\"attachment-full size-full wp-image-381\" alt=\"\" srcset=\"https:\/\/kaesealm-kreuth.de\/wp-content\/uploads\/2025\/03\/Kaesealm-Logo_webp.webp 1814w, https:\/\/kaesealm-kreuth.de\/wp-content\/uploads\/2025\/03\/Kaesealm-Logo_webp-283x300.webp 283w, https:\/\/kaesealm-kreuth.de\/wp-content\/uploads\/2025\/03\/Kaesealm-Logo_webp-967x1024.webp 967w, https:\/\/kaesealm-kreuth.de\/wp-content\/uploads\/2025\/03\/Kaesealm-Logo_webp-768x813.webp 768w, https:\/\/kaesealm-kreuth.de\/wp-content\/uploads\/2025\/03\/Kaesealm-Logo_webp-1451x1536.webp 1451w\" sizes=\"(max-width: 1814px) 100vw, 1814px\" \/>\t\t\t\t\t\t\t\t\t\t\t\t\t\t\t<\/div>\n\t\t\t\t<\/div>\n\t\t\t\t<\/div>\n\t\t\t\t\t<\/div>\n\t\t\t\t<\/div>\n\t\t<div class=\"elementor-element elementor-element-357f4e0 e-flex e-con-boxed e-con e-parent\" data-id=\"357f4e0\" data-element_type=\"container\" data-settings=\"{&quot;background_background&quot;:&quot;classic&quot;}\">\n\t\t\t\t\t<div class=\"e-con-inner\">\n\t\t<div class=\"elementor-element elementor-element-c9b88ba e-con-full e-flex e-con e-child\" data-id=\"c9b88ba\" data-element_type=\"container\">\n\t\t\t\t<div class=\"elementor-element elementor-element-30604ad elementor-widget elementor-widget-image\" data-id=\"30604ad\" data-element_type=\"widget\" data-widget_type=\"image.default\">\n\t\t\t\t<div class=\"elementor-widget-container\">\n\t\t\t\t\t\t\t\t\t\t\t\t\t\t\t<img decoding=\"async\" width=\"1600\" height=\"738\" src=\"https:\/\/kaesealm-kreuth.de\/wp-content\/uploads\/2025\/04\/PHOTO-2025-04-04-10-06-42-alm3.jpg\" class=\"attachment-full size-full wp-image-565\" alt=\"\" srcset=\"https:\/\/kaesealm-kreuth.de\/wp-content\/uploads\/2025\/04\/PHOTO-2025-04-04-10-06-42-alm3.jpg 1600w, https:\/\/kaesealm-kreuth.de\/wp-content\/uploads\/2025\/04\/PHOTO-2025-04-04-10-06-42-alm3-300x138.jpg 300w, https:\/\/kaesealm-kreuth.de\/wp-content\/uploads\/2025\/04\/PHOTO-2025-04-04-10-06-42-alm3-1024x472.jpg 1024w, https:\/\/kaesealm-kreuth.de\/wp-content\/uploads\/2025\/04\/PHOTO-2025-04-04-10-06-42-alm3-768x354.jpg 768w, https:\/\/kaesealm-kreuth.de\/wp-content\/uploads\/2025\/04\/PHOTO-2025-04-04-10-06-42-alm3-1536x708.jpg 1536w\" sizes=\"(max-width: 1600px) 100vw, 1600px\" \/>\t\t\t\t\t\t\t\t\t\t\t\t\t\t\t<\/div>\n\t\t\t\t<\/div>\n\t\t\t\t<\/div>\n\t\t<div class=\"elementor-element elementor-element-97da395 e-con-full e-flex e-con e-child\" data-id=\"97da395\" data-element_type=\"container\">\n\t\t\t\t<div class=\"elementor-element elementor-element-ab1e93f elementor-widget elementor-widget-heading\" data-id=\"ab1e93f\" data-element_type=\"widget\" data-widget_type=\"heading.default\">\n\t\t\t\t<div class=\"elementor-widget-container\">\n\t\t\t\t\t<h2 class=\"elementor-heading-title elementor-size-default\">\u00d6ffnungszeiten & Anfahrt<\/h2>\t\t\t\t<\/div>\n\t\t\t\t<\/div>\n\t\t\t\t<div class=\"elementor-element elementor-element-fc45e57 elementor-widget elementor-widget-text-editor\" data-id=\"fc45e57\" data-element_type=\"widget\" data-widget_type=\"text-editor.default\">\n\t\t\t\t<div class=\"elementor-widget-container\">\n\t\t\t\t\t\t\t\t\t<p>Mo &#8211; Die: 09.00 &#8211; 12.30 Uhr und 14.00 &#8211; (17.00 Uhr) 18.00 Uhr<br \/>Mittwoch geschlossen<br \/>Do &#8211; Frei: 09.00 &#8211; 12.30 Uhr und 14.00 &#8211; (17.00 Uhr) 18.00 Uhr<br \/>Samstag: 08.00 &#8211; 12.00 Uhr<br \/>Sonntag geschlossen<\/p><p>Sie finden uns direkt an der B 307, gegen\u00fcber dem Gasthof zur Post<\/p>\t\t\t\t\t\t\t\t<\/div>\n\t\t\t\t<\/div>\n\t\t\t\t<\/div>\n\t\t\t\t\t<\/div>\n\t\t\t\t<\/div>\n\t\t<div class=\"elementor-element elementor-element-b20637d e-flex e-con-boxed e-con e-parent\" data-id=\"b20637d\" data-element_type=\"container\" data-settings=\"{&quot;background_background&quot;:&quot;classic&quot;}\">\n\t\t\t\t\t<div class=\"e-con-inner\">\n\t\t<div class=\"elementor-element elementor-element-105433a e-con-full e-flex e-con e-child\" data-id=\"105433a\" data-element_type=\"container\">\n\t\t\t\t<div class=\"elementor-element elementor-element-8267f14 elementor-widget elementor-widget-heading\" data-id=\"8267f14\" data-element_type=\"widget\" data-widget_type=\"heading.default\">\n\t\t\t\t<div class=\"elementor-widget-container\">\n\t\t\t\t\t<h2 class=\"elementor-heading-title elementor-size-default\">Kontaktformular<\/h2>\t\t\t\t<\/div>\n\t\t\t\t<\/div>\n\t\t\t\t<div class=\"elementor-element elementor-element-67d92d2 elementor-button-align-stretch elementor-widget elementor-widget-form\" data-id=\"67d92d2\" data-element_type=\"widget\" data-settings=\"{&quot;step_next_label&quot;:&quot;N\\u00e4chster&quot;,&quot;step_previous_label&quot;:&quot;Voriger&quot;,&quot;button_width&quot;:&quot;100&quot;,&quot;step_type&quot;:&quot;number_text&quot;,&quot;step_icon_shape&quot;:&quot;circle&quot;}\" data-widget_type=\"form.default\">\n\t\t\t\t<div class=\"elementor-widget-container\">\n\t\t\t\t\t\t\t<form class=\"elementor-form\" method=\"post\" name=\"Neues Formular\">\n\t\t\t<input type=\"hidden\" name=\"post_id\" value=\"122\"\/>\n\t\t\t<input type=\"hidden\" name=\"form_id\" value=\"67d92d2\"\/>\n\t\t\t<input type=\"hidden\" name=\"referer_title\" value=\"\" \/>\n\n\t\t\t\n\t\t\t<div class=\"elementor-form-fields-wrapper elementor-labels-above\">\n\t\t\t\t\t\t\t\t<div class=\"elementor-field-type-text elementor-field-group elementor-column elementor-field-group-name elementor-col-100\">\n\t\t\t\t\t\t\t\t\t\t\t\t<label for=\"form-field-name\" class=\"elementor-field-label\">\n\t\t\t\t\t\t\t\tName\t\t\t\t\t\t\t<\/label>\n\t\t\t\t\t\t\t\t\t\t\t\t\t\t<input size=\"1\" type=\"text\" name=\"form_fields[name]\" id=\"form-field-name\" class=\"elementor-field elementor-size-sm  elementor-field-textual\" placeholder=\"Name\">\n\t\t\t\t\t\t\t\t\t\t\t<\/div>\n\t\t\t\t\t\t\t\t<div class=\"elementor-field-type-email elementor-field-group elementor-column elementor-field-group-email elementor-col-100 elementor-field-required\">\n\t\t\t\t\t\t\t\t\t\t\t\t<label for=\"form-field-email\" class=\"elementor-field-label\">\n\t\t\t\t\t\t\t\tE-Mail\t\t\t\t\t\t\t<\/label>\n\t\t\t\t\t\t\t\t\t\t\t\t\t\t<input size=\"1\" type=\"email\" name=\"form_fields[email]\" id=\"form-field-email\" class=\"elementor-field elementor-size-sm  elementor-field-textual\" placeholder=\"E-Mail\" required=\"required\">\n\t\t\t\t\t\t\t\t\t\t\t<\/div>\n\t\t\t\t\t\t\t\t<div class=\"elementor-field-type-tel elementor-field-group elementor-column elementor-field-group-field_eb593c3 elementor-col-100\">\n\t\t\t\t\t\t\t\t\t\t\t\t<label for=\"form-field-field_eb593c3\" class=\"elementor-field-label\">\n\t\t\t\t\t\t\t\tTelefonnummer\t\t\t\t\t\t\t<\/label>\n\t\t\t\t\t\t\t\t<input size=\"1\" type=\"tel\" name=\"form_fields[field_eb593c3]\" id=\"form-field-field_eb593c3\" class=\"elementor-field elementor-size-sm  elementor-field-textual\" placeholder=\"Telefonnummer\" pattern=\"[0-9()#&amp;+*-=.]+\" title=\"Nur Nummern oder Telefon-Zeichen (#, -, *, etc) werden akzeptiert.\">\n\n\t\t\t\t\t\t<\/div>\n\t\t\t\t\t\t\t\t<div class=\"elementor-field-type-textarea elementor-field-group elementor-column elementor-field-group-message elementor-col-100\">\n\t\t\t\t\t\t\t\t\t\t\t\t<label for=\"form-field-message\" class=\"elementor-field-label\">\n\t\t\t\t\t\t\t\tNachricht\t\t\t\t\t\t\t<\/label>\n\t\t\t\t\t\t<textarea class=\"elementor-field-textual elementor-field  elementor-size-sm\" name=\"form_fields[message]\" id=\"form-field-message\" rows=\"4\" placeholder=\"Nachricht\"><\/textarea>\t\t\t\t<\/div>\n\t\t\t\t\t\t\t\t<div class=\"elementor-field-group elementor-column elementor-field-type-submit elementor-col-100 e-form__buttons\">\n\t\t\t\t\t<button class=\"elementor-button elementor-size-sm\" type=\"submit\">\n\t\t\t\t\t\t<span class=\"elementor-button-content-wrapper\">\n\t\t\t\t\t\t\t\t\t\t\t\t\t\t\t\t\t\t\t\t\t\t<span class=\"elementor-button-text\">Senden<\/span>\n\t\t\t\t\t\t\t\t\t\t\t\t\t<\/span>\n\t\t\t\t\t<\/button>\n\t\t\t\t<\/div>\n\t\t\t<\/div>\n\t\t<\/form>\n\t\t\t\t\t\t<\/div>\n\t\t\t\t<\/div>\n\t\t\t\t<div class=\"elementor-element elementor-element-05d3e02 elementor-widget elementor-widget-text-editor\" data-id=\"05d3e02\" data-element_type=\"widget\" data-widget_type=\"text-editor.default\">\n\t\t\t\t<div class=\"elementor-widget-container\">\n\t\t\t\t\t\t\t\t\t<p>Bitte beachten Sie, dass wir Ihre pers\u00f6nlichen Daten speichern zum Zweck der Kontaktaufnahme. Alles weitere zum Datenschutz finden Sie in unserer Datenschutzerkl\u00e4rung. <\/p>\t\t\t\t\t\t\t\t<\/div>\n\t\t\t\t<\/div>\n\t\t\t\t<\/div>\n\t\t<div class=\"elementor-element elementor-element-7556615 e-con-full e-flex e-con e-child\" data-id=\"7556615\" data-element_type=\"container\">\n\t\t\t\t<div class=\"elementor-element elementor-element-ca94cff elementor-widget elementor-widget-image\" data-id=\"ca94cff\" data-element_type=\"widget\" data-widget_type=\"image.default\">\n\t\t\t\t<div class=\"elementor-widget-container\">\n\t\t\t\t\t\t\t\t\t\t\t\t\t\t\t<img decoding=\"async\" width=\"1920\" height=\"1336\" src=\"https:\/\/kaesealm-kreuth.de\/wp-content\/uploads\/2025\/03\/Vorm-Laden_webp.webp\" class=\"attachment-full size-full wp-image-379\" alt=\"\" srcset=\"https:\/\/kaesealm-kreuth.de\/wp-content\/uploads\/2025\/03\/Vorm-Laden_webp.webp 1920w, https:\/\/kaesealm-kreuth.de\/wp-content\/uploads\/2025\/03\/Vorm-Laden_webp-300x209.webp 300w, https:\/\/kaesealm-kreuth.de\/wp-content\/uploads\/2025\/03\/Vorm-Laden_webp-1024x713.webp 1024w, https:\/\/kaesealm-kreuth.de\/wp-content\/uploads\/2025\/03\/Vorm-Laden_webp-768x534.webp 768w, https:\/\/kaesealm-kreuth.de\/wp-content\/uploads\/2025\/03\/Vorm-Laden_webp-1536x1069.webp 1536w\" sizes=\"(max-width: 1920px) 100vw, 1920px\" \/>\t\t\t\t\t\t\t\t\t\t\t\t\t\t\t<\/div>\n\t\t\t\t<\/div>\n\t\t\t\t<\/div>\n\t\t\t\t\t<\/div>\n\t\t\t\t<\/div>\n\t\t<div class=\"elementor-element elementor-element-45aaf84 e-con-full e-flex e-con e-parent\" data-id=\"45aaf84\" data-element_type=\"container\">\n\t\t\t\t<div class=\"elementor-element elementor-element-6d93031 elementor-widget elementor-widget-google_maps\" data-id=\"6d93031\" data-element_type=\"widget\" data-widget_type=\"google_maps.default\">\n\t\t\t\t<div class=\"elementor-widget-container\">\n\t\t\t\t\t\t\t<div class=\"elementor-custom-embed\">\n\t\t\t <div class=\"brlbs-cmpnt-container brlbs-cmpnt-content-blocker brlbs-cmpnt-with-individual-styles\" data-borlabs-cookie-content-blocker-id=\"google-maps\" data-borlabs-cookie-content=\"PGlmcmFtZSBsb2FkaW5nPSJsYXp5IgoJCQkJCXNyYz0iaHR0cHM6Ly9tYXBzLmdvb2dsZS5jb20vbWFwcz9xPUthZXNlYWxtJTIwS3JldXRoJTJDJTIwUGV0cmElMjBTYWxsZXIlMkMlMjBOJUMzJUI2cmRsaWNoZSUyMEhhdXB0c3RyYXNzZSUyMDYlMkMlMjA4MzcwOCUyMEtyZXV0aCYjMDM4O3Q9bSYjMDM4O3o9MTMmIzAzODtvdXRwdXQ9ZW1iZWQmIzAzODtpd2xvYz1uZWFyIgoJCQkJCXRpdGxlPSJLYWVzZWFsbSBLcmV1dGgsIFBldHJhIFNhbGxlciwgTsO2cmRsaWNoZSBIYXVwdHN0cmFzc2UgNiwgODM3MDggS3JldXRoIgoJCQkJCWFyaWEtbGFiZWw9IkthZXNlYWxtIEtyZXV0aCwgUGV0cmEgU2FsbGVyLCBOw7ZyZGxpY2hlIEhhdXB0c3RyYXNzZSA2LCA4MzcwOCBLcmV1dGgiCgkJCT48L2lmcmFtZT4=\"><div class=\"brlbs-cmpnt-cb-preset-b brlbs-cmpnt-cb-google-maps\"> <div class=\"brlbs-cmpnt-cb-thumbnail\" style=\"background-image: url('https:\/\/kaesealm-kreuth.de\/wp-content\/uploads\/borlabs-cookie\/1\/brlbs-cb-google-maps-main.png')\"><\/div> <div class=\"brlbs-cmpnt-cb-main\"> <div class=\"brlbs-cmpnt-cb-content\"> <p class=\"brlbs-cmpnt-cb-description\">Sie sehen gerade einen Platzhalterinhalt von <strong>Google Maps<\/strong>. Um auf den eigentlichen Inhalt zuzugreifen, klicken Sie auf die Schaltfl\u00e4che unten. Bitte beachten Sie, dass dabei Daten an Drittanbieter weitergegeben werden.<\/p> <a class=\"brlbs-cmpnt-cb-provider-toggle\" href=\"#\" data-borlabs-cookie-show-provider-information role=\"button\">Mehr Informationen<\/a> <\/div> <div class=\"brlbs-cmpnt-cb-buttons\"> <a class=\"brlbs-cmpnt-cb-btn\" href=\"#\" data-borlabs-cookie-unblock role=\"button\">Inhalt entsperren<\/a> <a class=\"brlbs-cmpnt-cb-btn\" href=\"#\" data-borlabs-cookie-accept-service role=\"button\" style=\"display: inherit\">Erforderlichen Service akzeptieren und Inhalte entsperren<\/a> <\/div> <\/div> <\/div><\/div>\n\t\t<\/div>\n\t\t\t\t\t\t<\/div>\n\t\t\t\t<\/div>\n\t\t\t\t<\/div>\n\t\t\t\t<\/div>\n\t\t","protected":false},"excerpt":{"rendered":"<p>Kontakt &#038; Standort K\u00e4sealm KreuthN\u00f6rdliche Hauptstrasse 683708 Kreuth Tel.: 08029 &#8211; 13 53kontakt@kaesealm-kreuth.de \u00d6ffnungszeiten &#038; Anfahrt Mo &#8211; Die: 09.00 &#8211; 12.30 Uhr und 14.00 &#8211; (17.00 Uhr) 18.00 UhrMittwoch geschlossenDo &#8211; Frei: 09.00 &#8211; 12.30 Uhr und 14.00 &#8211; (17.00 Uhr) 18.00 UhrSamstag: 08.00 &#8211; 12.00 UhrSonntag geschlossen Sie finden uns direkt an der [&hellip;]<\/p>\n","protected":false},"author":1,"featured_media":0,"parent":0,"menu_order":0,"comment_status":"closed","ping_status":"closed","template":"","meta":{"footnotes":""},"class_list":["post-122","page","type-page","status-publish","hentry"],"_links":{"self":[{"href":"https:\/\/kaesealm-kreuth.de\/index.php\/wp-json\/wp\/v2\/pages\/122","targetHints":{"allow":["GET"]}}],"collection":[{"href":"https:\/\/kaesealm-kreuth.de\/index.php\/wp-json\/wp\/v2\/pages"}],"about":[{"href":"https:\/\/kaesealm-kreuth.de\/index.php\/wp-json\/wp\/v2\/types\/page"}],"author":[{"embeddable":true,"href":"https:\/\/kaesealm-kreuth.de\/index.php\/wp-json\/wp\/v2\/users\/1"}],"replies":[{"embeddable":true,"href":"https:\/\/kaesealm-kreuth.de\/index.php\/wp-json\/wp\/v2\/comments?post=122"}],"version-history":[{"count":118,"href":"https:\/\/kaesealm-kreuth.de\/index.php\/wp-json\/wp\/v2\/pages\/122\/revisions"}],"predecessor-version":[{"id":578,"href":"https:\/\/kaesealm-kreuth.de\/index.php\/wp-json\/wp\/v2\/pages\/122\/revisions\/578"}],"wp:attachment":[{"href":"https:\/\/kaesealm-kreuth.de\/index.php\/wp-json\/wp\/v2\/media?parent=122"}],"curies":[{"name":"wp","href":"https:\/\/api.w.org\/{rel}","templated":true}]}}